{"id":4511,"date":"2021-06-15T08:49:35","date_gmt":"2021-06-15T07:49:35","guid":{"rendered":"http:\/\/flsh.umi.ac.ma\/?page_id=4511"},"modified":"2021-06-15T08:53:50","modified_gmt":"2021-06-15T07:53:50","slug":"%d8%a5%d8%b9%d9%84%d8%a7%d9%86%d8%a7%d8%aa-%d8%a5%d8%af%d8%a7%d8%b1%d9%8a%d8%a9","status":"publish","type":"page","link":"https:\/\/www.flsh.umi.ac.ma\/?page_id=4511","title":{"rendered":"\u0625\u0639\u0644\u0627\u0646\u0627\u062a \u0625\u062f\u0627\u0631\u064a\u0629"},"content":{"rendered":"\t\t<div data-elementor-type=\"wp-page\" data-elementor-id=\"4511\" class=\"elementor elementor-4511\" data-elementor-post-type=\"page\">\n\t\t\t\t\t\t<section class=\"elementor-section elementor-top-section elementor-element elementor-element-c345a2e elementor-section-boxed elementor-section-height-default elementor-section-height-default\" data-id=\"c345a2e\" data-element_type=\"section\" data-e-type=\"section\">\n\t\t\t\t\t\t<div class=\"elementor-container elementor-column-gap-default\">\n\t\t\t\t\t<div class=\"elementor-column elementor-col-100 elementor-top-column elementor-element elementor-element-79fce8f8\" data-id=\"79fce8f8\" data-element_type=\"column\" data-e-type=\"column\">\n\t\t\t<div class=\"elementor-widget-wrap\">\n\t\t\t\t\t\t\t<\/div>\n\t\t<\/div>\n\t\t\t\t\t<\/div>\n\t\t<\/section>\n\t\t\t\t<section class=\"elementor-section elementor-top-section elementor-element elementor-element-3dd444a5 elementor-section-boxed elementor-section-height-default elementor-section-height-default\" data-id=\"3dd444a5\" data-element_type=\"section\" data-e-type=\"section\">\n\t\t\t\t\t\t<div class=\"elementor-container elementor-column-gap-default\">\n\t\t\t\t\t<div class=\"elementor-column elementor-col-100 elementor-top-column elementor-element elementor-element-6cea8cb9\" data-id=\"6cea8cb9\" data-element_type=\"column\" data-e-type=\"column\">\n\t\t\t<div class=\"elementor-widget-wrap elementor-element-populated\">\n\t\t\t\t\t\t<div class=\"elementor-element elementor-element-5d01f7b3 elementor-widget-divider--view-line elementor-widget elementor-widget-divider\" data-id=\"5d01f7b3\" data-element_type=\"widget\" data-e-type=\"widget\" data-widget_type=\"divider.default\">\n\t\t\t\t<div class=\"elementor-widget-container\">\n\t\t\t\t\t\t\t<div class=\"elementor-divider\">\n\t\t\t<span class=\"elementor-divider-separator\">\n\t\t\t\t\t\t<\/span>\n\t\t<\/div>\n\t\t\t\t\t\t<\/div>\n\t\t\t\t<\/div>\n\t\t\t\t\t<\/div>\n\t\t<\/div>\n\t\t\t\t\t<\/div>\n\t\t<\/section>\n\t\t\t\t<section class=\"elementor-section elementor-top-section elementor-element elementor-element-262bc813 elementor-section-boxed elementor-section-height-default elementor-section-height-default\" data-id=\"262bc813\" data-element_type=\"section\" data-e-type=\"section\">\n\t\t\t\t\t\t<div class=\"elementor-container elementor-column-gap-default\">\n\t\t\t\t\t<div class=\"elementor-column elementor-col-33 elementor-top-column elementor-element elementor-element-4711305b\" data-id=\"4711305b\" data-element_type=\"column\" data-e-type=\"column\">\n\t\t\t<div class=\"elementor-widget-wrap\">\n\t\t\t\t\t\t\t<\/div>\n\t\t<\/div>\n\t\t\t\t<div class=\"elementor-column elementor-col-33 elementor-top-column elementor-element elementor-element-712ee614\" data-id=\"712ee614\" data-element_type=\"column\" data-e-type=\"column\">\n\t\t\t<div class=\"elementor-widget-wrap\">\n\t\t\t\t\t\t\t<\/div>\n\t\t<\/div>\n\t\t\t\t<div class=\"elementor-column elementor-col-33 elementor-top-column elementor-element elementor-element-be964cd\" data-id=\"be964cd\" data-element_type=\"column\" data-e-type=\"column\">\n\t\t\t<div class=\"elementor-widget-wrap\">\n\t\t\t\t\t\t\t<\/div>\n\t\t<\/div>\n\t\t\t\t\t<\/div>\n\t\t<\/section>\n\t\t\t\t<section class=\"elementor-section elementor-top-section elementor-element elementor-element-1ac68c8b elementor-section-boxed elementor-section-height-default elementor-section-height-default\" data-id=\"1ac68c8b\" data-element_type=\"section\" data-e-type=\"section\">\n\t\t\t\t\t\t<div class=\"elementor-container elementor-column-gap-default\">\n\t\t\t\t\t<div class=\"elementor-column elementor-col-100 elementor-top-column elementor-element elementor-element-2dd04d60\" data-id=\"2dd04d60\" data-element_type=\"column\" data-e-type=\"column\">\n\t\t\t<div class=\"elementor-widget-wrap elementor-element-populated\">\n\t\t\t\t\t\t<div class=\"elementor-element elementor-element-0bbb298 elementor-widget elementor-widget-shortcode\" data-id=\"0bbb298\" data-element_type=\"widget\" data-e-type=\"widget\" data-widget_type=\"shortcode.default\">\n\t\t\t\t<div class=\"elementor-widget-container\">\n\t\t\t\t\t\t\t<div class=\"elementor-shortcode\"><div class=\"pt-cv-wrapper\"><div class=\"pt-cv-view pt-cv-collapsible\" id=\"pt-cv-view-e47f075se7\"><div data-id=\"pt-cv-page-1\" class=\"pt-cv-page\" data-cvc=\"1\"><div class=\"panel-group\" id=\"6a5ea885rc\"><div class=\"panel panel-default pt-cv-content-item pt-cv-1-col\" >\r\n<div class=\"panel-heading pt-cv-title\">\r\n    <a class=\"panel-title\" data-toggle=\"cvcollapse\" data-parent=\"#6a5ea885rc\" data-target=\"#31137adkd3\" href='https:\/\/www.flsh.umi.ac.ma\/?p=15496' onclick='event.preventDefault()'>\r\n\t\t\u0644\u0627\u0626\u062d\u0629 \u0627\u0644\u0645\u062f\u0639\u0648\u064a\u0646 \u0644\u0627\u062c\u062a\u064a\u0627\u0632 \u0627\u0644\u0645\u0642\u0627\u0628\u0644\u0629 \u0627\u0644\u0627\u0646\u062a\u0642\u0627\u0626\u064a\u0629 \u0644\u0634\u063a\u0644 \u0645\u0646\u0635\u0628 \u0631\u0626\u064a\u0633 \u0645\u0635\u0644\u062d\u0629 \u0627\u0644\u0645\u0645\u062a\u0644\u0643\u0627\u062a \u0648\u0627\u0644\u0644\u0648\u062c\u064a\u0633\u062a\u064a\u0643 \u0628\u0643\u0644\u064a\u0629 \u0627\u0644\u0622\u062f\u0627\u0628 \u0648\u0627\u0644\u0639\u0644\u0648\u0645 \u0627\u0644\u0625\u0646\u0633\u0627\u0646\u064a\u0629-\u0645\u0643\u0646\u0627\u0633 \/\/ 18-04-2026\t<\/a>\r\n\t<\/div>\r\n<div id=\"31137adkd3\" class=\"panel-collapse collapse \">\r\n\t<div class=\"panel-body\">\r\n\t\t<a href=\"https:\/\/www.flsh.umi.ac.ma\/?p=15496\" class=\"_self pt-cv-href-thumbnail pt-cv-thumb-default\" target=\"_self\" ><\/a>\n<div class=\"pt-cv-content\">\u0642\u0627\u0626\u0645\u0629 \u0627\u0644\u0645\u062f\u0639\u0648\u064a\u0646 \u0644\u0644\u0645\u0642\u0627\u0628\u0644\u0629 \u0627\u0644\u0634\u0641\u0648\u064aT\u00e9l\u00e9charger ...<br \/><div class=\"pt-cv-rmwrap\"><a href=\"https:\/\/www.flsh.umi.ac.ma\/?p=15496\" class=\"_self pt-cv-readmore btn btn-success\" target=\"_self\">\u0627\u0642\u0631\u0623 \u0627\u0644\u0645\u0632\u064a\u062f<\/a><\/div><\/div>\t<\/div>\r\n<\/div><\/div>\n<div class=\"panel panel-default pt-cv-content-item pt-cv-1-col\" >\r\n<div class=\"panel-heading pt-cv-title\">\r\n    <a class=\"panel-title\" data-toggle=\"cvcollapse\" data-parent=\"#6a5ea885rc\" data-target=\"#c43bce6n9d\" href='https:\/\/www.flsh.umi.ac.ma\/?p=15149' onclick='event.preventDefault()'>\r\n\t\t\u0625\u0639\u0644\u0627\u0646 \u0639\u0646 \u0625\u0639\u0627\u062f\u0629 \u0641\u062a\u062d \u0628\u0627\u0628 \u0627\u0644\u062a\u0631\u0634\u064a\u062d \u0644\u0634\u063a\u0644 \u0645\u0646\u0635\u0628 \u0631\u0626\u064a\u0633 \u0645\u0635\u0644\u062d\u0629 \u0627\u0644\u0645\u0645\u062a\u0644\u0643\u0627\u062a \u0648 \u0627\u0644\u0644\u0648\u062c\u064a\u0633\u062a\u064a\u0643 \/\/ 21-03-2026\t<\/a>\r\n\t<\/div>\r\n<div id=\"c43bce6n9d\" class=\"panel-collapse collapse \">\r\n\t<div class=\"panel-body\">\r\n\t\t<a href=\"https:\/\/www.flsh.umi.ac.ma\/?p=15149\" class=\"_self pt-cv-href-thumbnail pt-cv-thumb-default\" target=\"_self\" ><\/a>\n<div class=\"pt-cv-content\">\u0625\u0639\u0644\u0627\u0646 \u0641\u062a\u062d \u0628\u0627\u0628 \u0627\u0644\u062a\u0631\u0634\u064a\u062dT\u00e9l\u00e9charger \u0628\u0637\u0627\u0626\u0642 \u0627\u0644\u0648\u0638\u064a\u0641\u0629 (\u0628\u0627\u0644\u0639\u0631\u0628\u064a\u0629)T\u00e9l\u00e9charger \u062a\u0642\u0631\u064a\u0631 \u0627\u0644\u0631\u0626\u064a\u0633 \u0627\u0644\u0645\u0628\u0627\u0634\u0631T\u00e9l\u00e9charger \u0627\u0644\u0645\u0637\u0628\u0648\u0639 \u0627\u0644\u0646\u0645\u0648\u0630\u062c\u064a \u0644\u0644\u0633\u064a\u0631\u0629 \u0627\u0644\u0630\u0627\u062a\u064a\u0629T\u00e9l\u00e9charger \u0628\u0631\u0646\u0627\u0645\u062c \u0627\u0644\u0627\u062e\u062a\u0628\u0627\u0631 \u0627\u0644\u0634\u0641\u0648\u064aT\u00e9l\u00e9charger ...<br \/><div class=\"pt-cv-rmwrap\"><a href=\"https:\/\/www.flsh.umi.ac.ma\/?p=15149\" class=\"_self pt-cv-readmore btn btn-success\" target=\"_self\">\u0627\u0642\u0631\u0623 \u0627\u0644\u0645\u0632\u064a\u062f<\/a><\/div><\/div>\t<\/div>\r\n<\/div><\/div>\n<div class=\"panel panel-default pt-cv-content-item pt-cv-1-col\" >\r\n<div class=\"panel-heading pt-cv-title\">\r\n    <a class=\"panel-title\" data-toggle=\"cvcollapse\" data-parent=\"#6a5ea885rc\" data-target=\"#07385e5lkm\" href='https:\/\/www.flsh.umi.ac.ma\/?p=14414' onclick='event.preventDefault()'>\r\n\t\t\u0644\u0627\u0626\u062d\u0629 \u0627\u0644\u0645\u062a\u0631\u0634\u062d\u064a\u0646 \u0627\u0644\u0645\u062f\u0639\u0648\u064a\u0646 \u0644\u0627\u062c\u062a\u064a\u0627\u0632 \u0627\u0644\u0645\u0631\u062d\u0644\u0629 \u0627\u0644\u062b\u0627\u0646\u064a\u0629 \u0627\u0644\u062e\u0627\u0635 \u0644\u0645\u0628\u0627\u0631\u0627\u0629 \u0627\u0644\u062a\u0648\u0638\u064a\u0641 \u0641\u064a \u0623\u0633\u062a\u0627\u0630 \u0645\u062d\u0627\u0636\u0631 \u0627\u0644\u062f\u0631\u062c\u0629 \u0623 \u062a\u062e\u0635\u0635 : \u0639\u0644\u0645 \u0627\u0644\u0627\u062c\u062a\u0645\u0627\u0639 \/\/ 20-11-2025\t<\/a>\r\n\t<\/div>\r\n<div id=\"07385e5lkm\" class=\"panel-collapse collapse \">\r\n\t<div class=\"panel-body\">\r\n\t\t<a href=\"https:\/\/www.flsh.umi.ac.ma\/?p=14414\" class=\"_self pt-cv-href-thumbnail pt-cv-thumb-default\" target=\"_self\" ><\/a>\n<div class=\"pt-cv-content\"> ...<br \/><div class=\"pt-cv-rmwrap\"><a href=\"https:\/\/www.flsh.umi.ac.ma\/?p=14414\" class=\"_self pt-cv-readmore btn btn-success\" target=\"_self\">\u0627\u0642\u0631\u0623 \u0627\u0644\u0645\u0632\u064a\u062f<\/a><\/div><\/div>\t<\/div>\r\n<\/div><\/div>\n<div class=\"panel panel-default pt-cv-content-item pt-cv-1-col\" >\r\n<div class=\"panel-heading pt-cv-title\">\r\n    <a class=\"panel-title\" data-toggle=\"cvcollapse\" data-parent=\"#6a5ea885rc\" data-target=\"#5ea8558p2d\" href='https:\/\/www.flsh.umi.ac.ma\/?p=14094' onclick='event.preventDefault()'>\r\n\t\t\u0644\u0627\u0626\u062d\u0629 \u0627\u0644\u0645\u062a\u0631\u0634\u062d\u064a\u0646 \u0627\u0644\u0645\u062f\u0639\u0648\u064a\u0646 \u0644\u0627\u062c\u062a\u064a\u0627\u0632 \u0627\u0644\u0645\u0631\u062d\u0644\u0629 \u0627\u0644\u062b\u0627\u0646\u064a\u0629 \u0627\u0644\u062e\u0627\u0635 \u0644\u0645\u0628\u0627\u0631\u0627\u0629 \u0627\u0644\u062a\u0648\u0638\u064a\u0641 \u0641\u064a \u0623\u0633\u062a\u0627\u0630 \u0645\u062d\u0627\u0636\u0631 \u0627\u0644\u062f\u0631\u062c\u0629 \u0623 \u062a\u062e\u0635\u0635 Applied Linguistics \/\/ 22-10-2025\t<\/a>\r\n\t<\/div>\r\n<div id=\"5ea8558p2d\" class=\"panel-collapse collapse \">\r\n\t<div class=\"panel-body\">\r\n\t\t<a href=\"https:\/\/www.flsh.umi.ac.ma\/?p=14094\" class=\"_self pt-cv-href-thumbnail pt-cv-thumb-default\" target=\"_self\" ><\/a>\n<div class=\"pt-cv-content\">Applied LinguisticsT\u00e9l\u00e9charger ...<br \/><div class=\"pt-cv-rmwrap\"><a href=\"https:\/\/www.flsh.umi.ac.ma\/?p=14094\" class=\"_self pt-cv-readmore btn btn-success\" target=\"_self\">\u0627\u0642\u0631\u0623 \u0627\u0644\u0645\u0632\u064a\u062f<\/a><\/div><\/div>\t<\/div>\r\n<\/div><\/div>\n<div class=\"panel panel-default pt-cv-content-item pt-cv-1-col\" >\r\n<div class=\"panel-heading pt-cv-title\">\r\n    <a class=\"panel-title\" data-toggle=\"cvcollapse\" data-parent=\"#6a5ea885rc\" data-target=\"#80d9358s91\" href='https:\/\/www.flsh.umi.ac.ma\/?p=13814' onclick='event.preventDefault()'>\r\n\t\t\u0625\u0639\u0640\u0640\u0644\u0627\u0646 \u0641\u0640\u062a\u0640\u062d \u0628\u0627\u0628 \u0627\u0644\u062a\u0640\u0631\u0634\u064a\u062d \u0644\u0644\u062a\u0623\u0647\u064a\u0644 \u0627\u0644\u062c\u0627\u0645\u0639\u064a \u0628\u0631\u0633\u0645 \u0627\u0644\u0633\u0646\u0629 \u0627\u0644\u062c\u0627\u0645\u0639\u064a\u0629 2025-2026 \/\/ 03-10-2025\t<\/a>\r\n\t<\/div>\r\n<div id=\"80d9358s91\" class=\"panel-collapse collapse \">\r\n\t<div class=\"panel-body\">\r\n\t\t<a href=\"https:\/\/www.flsh.umi.ac.ma\/?p=13814\" class=\"_self pt-cv-href-thumbnail pt-cv-thumb-default\" target=\"_self\" ><\/a>\n<div class=\"pt-cv-content\">Avis_Habilitation_Pi\u00e8ce_2025_2026T\u00e9l\u00e9charger ...<br \/><div class=\"pt-cv-rmwrap\"><a href=\"https:\/\/www.flsh.umi.ac.ma\/?p=13814\" class=\"_self pt-cv-readmore btn btn-success\" target=\"_self\">\u0627\u0642\u0631\u0623 \u0627\u0644\u0645\u0632\u064a\u062f<\/a><\/div><\/div>\t<\/div>\r\n<\/div><\/div><\/div><\/div><\/div><\/div><\/div>\n\t\t\t\t\t\t<\/div>\n\t\t\t\t<\/div>\n\t\t\t\t\t<\/div>\n\t\t<\/div>\n\t\t\t\t\t<\/div>\n\t\t<\/section>\n\t\t\t\t<section class=\"elementor-section elementor-top-section elementor-element elementor-element-24c17d4 elementor-section-full_width elementor-section-height-default elementor-section-height-default\" data-id=\"24c17d4\" data-element_type=\"section\" data-e-type=\"section\">\n\t\t\t\t\t\t<div class=\"elementor-container elementor-column-gap-default\">\n\t\t\t\t\t<div class=\"elementor-column elementor-col-100 elementor-top-column elementor-element elementor-element-db3c31a\" data-id=\"db3c31a\" data-element_type=\"column\" data-e-type=\"column\">\n\t\t\t<div class=\"elementor-widget-wrap\">\n\t\t\t\t\t\t\t<\/div>\n\t\t<\/div>\n\t\t\t\t\t<\/div>\n\t\t<\/section>\n\t\t\t\t<\/div>\n\t\t","protected":false},"excerpt":{"rendered":"","protected":false},"author":2,"featured_media":0,"parent":0,"menu_order":16,"comment_status":"closed","ping_status":"closed","template":"","meta":{"_acf_changed":false,"ocean_post_layout":"full-screen","ocean_both_sidebars_style":"","ocean_both_sidebars_content_width":0,"ocean_both_sidebars_sidebars_width":0,"ocean_sidebar":"0","ocean_second_sidebar":"0","ocean_disable_margins":"enable","ocean_add_body_class":"","ocean_shortcode_before_top_bar":"","ocean_shortcode_after_top_bar":"","ocean_shortcode_before_header":"","ocean_shortcode_after_header":"","ocean_has_shortcode":"","ocean_shortcode_after_title":"","ocean_shortcode_before_footer_widgets":"","ocean_shortcode_after_footer_widgets":"","ocean_shortcode_before_footer_bottom":"","ocean_shortcode_after_footer_bottom":"","ocean_display_top_bar":"default","ocean_display_header":"default","ocean_header_style":"","ocean_center_header_left_menu":"0","ocean_custom_header_template":"0","ocean_custom_logo":0,"ocean_custom_retina_logo":0,"ocean_custom_logo_max_width":0,"ocean_custom_logo_tablet_max_width":0,"ocean_custom_logo_mobile_max_width":0,"ocean_custom_logo_max_height":0,"ocean_custom_logo_tablet_max_height":0,"ocean_custom_logo_mobile_max_height":0,"ocean_header_custom_menu":"0","ocean_menu_typo_font_family":"0","ocean_menu_typo_font_subset":"","ocean_menu_typo_font_size":0,"ocean_menu_typo_font_size_tablet":0,"ocean_menu_typo_font_size_mobile":0,"ocean_menu_typo_font_size_unit":"px","ocean_menu_typo_font_weight":"","ocean_menu_typo_font_weight_tablet":"","ocean_menu_typo_font_weight_mobile":"","ocean_menu_typo_transform":"","ocean_menu_typo_transform_tablet":"","ocean_menu_typo_transform_mobile":"","ocean_menu_typo_line_height":0,"ocean_menu_typo_line_height_tablet":0,"ocean_menu_typo_line_height_mobile":0,"ocean_menu_typo_line_height_unit":"","ocean_menu_typo_spacing":0,"ocean_menu_typo_spacing_tablet":0,"ocean_menu_typo_spacing_mobile":0,"ocean_menu_typo_spacing_unit":"","ocean_menu_link_color":"","ocean_menu_link_color_hover":"","ocean_menu_link_color_active":"","ocean_menu_link_background":"","ocean_menu_link_hover_background":"","ocean_menu_link_active_background":"","ocean_menu_social_links_bg":"","ocean_menu_social_hover_links_bg":"","ocean_menu_social_links_color":"","ocean_menu_social_hover_links_color":"","ocean_disable_title":"default","ocean_disable_heading":"on","ocean_post_title":"","ocean_post_subheading":"","ocean_post_title_style":"","ocean_post_title_background_color":"","ocean_post_title_background":0,"ocean_post_title_bg_image_position":"","ocean_post_title_bg_image_attachment":"","ocean_post_title_bg_image_repeat":"","ocean_post_title_bg_image_size":"","ocean_post_title_height":0,"ocean_post_title_bg_overlay":0.5,"ocean_post_title_bg_overlay_color":"","ocean_disable_breadcrumbs":"default","ocean_breadcrumbs_color":"","ocean_breadcrumbs_separator_color":"","ocean_breadcrumbs_links_color":"","ocean_breadcrumbs_links_hover_color":"","ocean_display_footer_widgets":"default","ocean_display_footer_bottom":"default","ocean_custom_footer_template":"0","_themeisle_gutenberg_block_has_review":false,"footnotes":""},"class_list":["post-4511","page","type-page","status-publish","hentry","entry"],"acf":[],"_links":{"self":[{"href":"https:\/\/www.flsh.umi.ac.ma\/index.php?rest_route=\/wp\/v2\/pages\/4511","targetHints":{"allow":["GET"]}}],"collection":[{"href":"https:\/\/www.flsh.umi.ac.ma\/index.php?rest_route=\/wp\/v2\/pages"}],"about":[{"href":"https:\/\/www.flsh.umi.ac.ma\/index.php?rest_route=\/wp\/v2\/types\/page"}],"author":[{"embeddable":true,"href":"https:\/\/www.flsh.umi.ac.ma\/index.php?rest_route=\/wp\/v2\/users\/2"}],"replies":[{"embeddable":true,"href":"https:\/\/www.flsh.umi.ac.ma\/index.php?rest_route=%2Fwp%2Fv2%2Fcomments&post=4511"}],"version-history":[{"count":4,"href":"https:\/\/www.flsh.umi.ac.ma\/index.php?rest_route=\/wp\/v2\/pages\/4511\/revisions"}],"predecessor-version":[{"id":4516,"href":"https:\/\/www.flsh.umi.ac.ma\/index.php?rest_route=\/wp\/v2\/pages\/4511\/revisions\/4516"}],"wp:attachment":[{"href":"https:\/\/www.flsh.umi.ac.ma\/index.php?rest_route=%2Fwp%2Fv2%2Fmedia&parent=4511"}],"curies":[{"name":"wp","href":"https:\/\/api.w.org\/{rel}","templated":true}]}}