{"id":3254,"date":"2021-05-06T11:01:00","date_gmt":"2021-05-06T10:01:00","guid":{"rendered":"http:\/\/flsh.umi.ac.ma\/?page_id=3254"},"modified":"2021-06-24T11:52:59","modified_gmt":"2021-06-24T10:52:59","slug":"%d8%aa%d9%83%d9%88%d9%8a%d9%86%d8%a7%d8%aa-%d8%a7%d9%84%d8%af%d9%83%d8%aa%d9%88%d8%b1%d8%a7%d9%87","status":"publish","type":"page","link":"https:\/\/www.flsh.umi.ac.ma\/?page_id=3254","title":{"rendered":"\u062a\u0643\u0648\u064a\u0646\u0627\u062a \u0627\u0644\u062f\u0643\u062a\u0648\u0631\u0627\u0647"},"content":{"rendered":"\t\t<div data-elementor-type=\"wp-page\" data-elementor-id=\"3254\" class=\"elementor elementor-3254\" data-elementor-post-type=\"page\">\n\t\t\t\t\t\t<section class=\"elementor-section elementor-top-section elementor-element elementor-element-496dfca5 elementor-section-boxed elementor-section-height-default elementor-section-height-default\" data-id=\"496dfca5\" data-element_type=\"section\" data-e-type=\"section\">\n\t\t\t\t\t\t<div class=\"elementor-container elementor-column-gap-default\">\n\t\t\t\t\t<div class=\"elementor-column elementor-col-100 elementor-top-column elementor-element elementor-element-394fa2b8\" data-id=\"394fa2b8\" data-element_type=\"column\" data-e-type=\"column\">\n\t\t\t<div class=\"elementor-widget-wrap elementor-element-populated\">\n\t\t\t\t\t\t<div class=\"elementor-element elementor-element-2cfb6eb elementor-widget-divider--view-line elementor-widget elementor-widget-divider\" data-id=\"2cfb6eb\" data-element_type=\"widget\" data-e-type=\"widget\" data-widget_type=\"divider.default\">\n\t\t\t\t<div class=\"elementor-widget-container\">\n\t\t\t\t\t\t\t<div class=\"elementor-divider\">\n\t\t\t<span class=\"elementor-divider-separator\">\n\t\t\t\t\t\t<\/span>\n\t\t<\/div>\n\t\t\t\t\t\t<\/div>\n\t\t\t\t<\/div>\n\t\t\t\t<section class=\"elementor-section elementor-inner-section elementor-element elementor-element-e6e51f1 elementor-section-boxed elementor-section-height-default elementor-section-height-default\" data-id=\"e6e51f1\" data-element_type=\"section\" data-e-type=\"section\">\n\t\t\t\t\t\t<div class=\"elementor-container elementor-column-gap-default\">\n\t\t\t\t\t<div class=\"elementor-column elementor-col-50 elementor-inner-column elementor-element elementor-element-773a256c\" data-id=\"773a256c\" data-element_type=\"column\" data-e-type=\"column\">\n\t\t\t<div class=\"elementor-widget-wrap\">\n\t\t\t\t\t\t\t<\/div>\n\t\t<\/div>\n\t\t\t\t<div class=\"elementor-column elementor-col-50 elementor-inner-column elementor-element elementor-element-1bbaeca0\" data-id=\"1bbaeca0\" data-element_type=\"column\" data-e-type=\"column\">\n\t\t\t<div class=\"elementor-widget-wrap\">\n\t\t\t\t\t\t\t<\/div>\n\t\t<\/div>\n\t\t\t\t\t<\/div>\n\t\t<\/section>\n\t\t\t\t\t<\/div>\n\t\t<\/div>\n\t\t\t\t\t<\/div>\n\t\t<\/section>\n\t\t\t\t<section class=\"elementor-section elementor-top-section elementor-element elementor-element-126063 elementor-section-boxed elementor-section-height-default elementor-section-height-default\" data-id=\"126063\" data-element_type=\"section\" data-e-type=\"section\" data-settings=\"{&quot;background_background&quot;:&quot;classic&quot;}\">\n\t\t\t\t\t\t<div class=\"elementor-container elementor-column-gap-default\">\n\t\t\t\t\t<div class=\"elementor-column elementor-col-100 elementor-top-column elementor-element elementor-element-3c185ac\" data-id=\"3c185ac\" data-element_type=\"column\" data-e-type=\"column\">\n\t\t\t<div class=\"elementor-widget-wrap\">\n\t\t\t\t\t\t\t<\/div>\n\t\t<\/div>\n\t\t\t\t\t<\/div>\n\t\t<\/section>\n\t\t\t\t<section class=\"elementor-section elementor-top-section elementor-element elementor-element-1af0b21a elementor-section-boxed elementor-section-height-default elementor-section-height-default\" data-id=\"1af0b21a\" data-element_type=\"section\" data-e-type=\"section\">\n\t\t\t\t\t\t<div class=\"elementor-container elementor-column-gap-default\">\n\t\t\t\t\t<div class=\"elementor-column elementor-col-100 elementor-top-column elementor-element elementor-element-5a756fdf\" data-id=\"5a756fdf\" data-element_type=\"column\" data-e-type=\"column\">\n\t\t\t<div class=\"elementor-widget-wrap elementor-element-populated\">\n\t\t\t\t\t\t<div class=\"elementor-element elementor-element-ee7f586 stratum-advanced-accordion-icons-position-left elementor-widget elementor-widget-stratum-advanced-accordion\" data-id=\"ee7f586\" data-element_type=\"widget\" data-e-type=\"widget\" data-widget_type=\"stratum-advanced-accordion.default\">\n\t\t\t\t<div class=\"elementor-widget-container\">\n\t\t\t\t\t<div class=\"stratum-advanced-accordion\" data-accordion-options=\"{&quot;accordion_type&quot;:&quot;accordion&quot;,&quot;accordion_collapsible&quot;:true,&quot;accordion_interactivity&quot;:&quot;click&quot;,&quot;equal_height&quot;:false}\">\n\t<div class=\"stratum-advanced-accordion__wrapper\">\n\t\t\t\t\t<div class=\"stratum-advanced-accordion__item active-accordion elementor-repeater-item-5fb7b4d\">\n\t\t\t\t<div class=\"stratum-advanced-accordion__item-header\">\n\t\t\t\t\t<div class=\"stratum-advanced-accordion__title\">\n\t\t\t\t\t\tLangue, Communication et Culture\t\t\t\t\t<\/div>\n\t\t\t\t\t<div class=\"stratum-advanced-accordion__expand-icon\">\n\t\t\t\t\t\t\t\t\t\t\t\t\t<span class=\"normal\"><i aria-hidden=\"true\" class=\"fas fa-chevron-right\"><\/i><\/span>\n\t\t\t\t\t\t\t\t\t\t\t\t\t<span class=\"active\"><i aria-hidden=\"true\" class=\"fas fa-chevron-down\"><\/i><\/span>\n\t\t\t\t\t\t\t\t\t\t\t<\/div>\n\t\t\t\t<\/div>\n\n\t\t\t\t<div class=\"stratum-advanced-accordion__item-content\">\n\t\t\t\t\t<div class=\"stratum-advanced-accordion__item-wrapper\">\n\t\t\t\t\t\t<div class=\"stratum-advanced-accordion__item-content-overlay\"><\/div>\n\t\t\t\t\t\t<div class=\"stratum-advanced-accordion__text\">\n\t\t\t\t\t\t\t<p><span style=\"color: #007fa4\">\u0627\u0644\u0645\u0633\u0624\u0648\u0644<\/span><\/p><ul><li>\u0625\u062f\u0631\u064a\u0633 \u0623\u064a\u062a \u0627\u0644\u0632\u0645\u0632\u0627\u0645\u064a<\/li><\/ul>\t\t\t\t\t\t<\/div>\n\t\t\t\t\t<\/div>\n\t\t\t\t<\/div>\n\t\t\t<\/div>\n\t\t\t\t\t<div class=\"stratum-advanced-accordion__item elementor-repeater-item-ea77829\">\n\t\t\t\t<div class=\"stratum-advanced-accordion__item-header\">\n\t\t\t\t\t<div class=\"stratum-advanced-accordion__title\">\n\t\t\t\t\t\tApplied Linguistics\t\t\t\t\t<\/div>\n\t\t\t\t\t<div class=\"stratum-advanced-accordion__expand-icon\">\n\t\t\t\t\t\t\t\t\t\t\t\t\t<span class=\"normal\"><i aria-hidden=\"true\" class=\"fas fa-chevron-right\"><\/i><\/span>\n\t\t\t\t\t\t\t\t\t\t\t\t\t<span class=\"active\"><i aria-hidden=\"true\" class=\"fas fa-chevron-down\"><\/i><\/span>\n\t\t\t\t\t\t\t\t\t\t\t<\/div>\n\t\t\t\t<\/div>\n\n\t\t\t\t<div class=\"stratum-advanced-accordion__item-content\">\n\t\t\t\t\t<div class=\"stratum-advanced-accordion__item-wrapper\">\n\t\t\t\t\t\t<div class=\"stratum-advanced-accordion__item-content-overlay\"><\/div>\n\t\t\t\t\t\t<div class=\"stratum-advanced-accordion__text\">\n\t\t\t\t\t\t\t<p><span style=\"color: #007fa4\">\u0627\u0644\u0645\u0633\u0624\u0648\u0644<\/span><\/p><ul><li>\u0645\u062d\u0645\u062f \u0644\u0631\u0648\u0632<\/li><\/ul>\t\t\t\t\t\t<\/div>\n\t\t\t\t\t<\/div>\n\t\t\t\t<\/div>\n\t\t\t<\/div>\n\t\t\t\t\t<div class=\"stratum-advanced-accordion__item elementor-repeater-item-5504f03\">\n\t\t\t\t<div class=\"stratum-advanced-accordion__item-header\">\n\t\t\t\t\t<div class=\"stratum-advanced-accordion__title\">\n\t\t\t\t\t\tLangues, Litt\u00e9ratures, M\u00e9dias, Education et Soci\u00e9t\u00e9s\t\t\t\t\t<\/div>\n\t\t\t\t\t<div class=\"stratum-advanced-accordion__expand-icon\">\n\t\t\t\t\t\t\t\t\t\t\t\t\t<span class=\"normal\"><i aria-hidden=\"true\" class=\"fas fa-chevron-right\"><\/i><\/span>\n\t\t\t\t\t\t\t\t\t\t\t\t\t<span class=\"active\"><i aria-hidden=\"true\" class=\"fas fa-chevron-down\"><\/i><\/span>\n\t\t\t\t\t\t\t\t\t\t\t<\/div>\n\t\t\t\t<\/div>\n\n\t\t\t\t<div class=\"stratum-advanced-accordion__item-content\">\n\t\t\t\t\t<div class=\"stratum-advanced-accordion__item-wrapper\">\n\t\t\t\t\t\t<div class=\"stratum-advanced-accordion__item-content-overlay\"><\/div>\n\t\t\t\t\t\t<div class=\"stratum-advanced-accordion__text\">\n\t\t\t\t\t\t\t<p><span style=\"color: #007fa4\">\u0627\u0644\u0645\u0633\u0624\u0648\u0644<\/span><\/p><ul><li>\u062f. \u0645\u062d\u0645\u062f \u0644\u062d\u062f\u0627\u062d\u062f\u0629<\/li><\/ul>\t\t\t\t\t\t<\/div>\n\t\t\t\t\t<\/div>\n\t\t\t\t<\/div>\n\t\t\t<\/div>\n\t\t\t\t\t<div class=\"stratum-advanced-accordion__item elementor-repeater-item-02de8b7\">\n\t\t\t\t<div class=\"stratum-advanced-accordion__item-header\">\n\t\t\t\t\t<div class=\"stratum-advanced-accordion__title\">\n\t\t\t\t\t\tSoci\u00e9t\u00e9s, Territoires, Environnement et Pratiques \t\t\t\t\t<\/div>\n\t\t\t\t\t<div class=\"stratum-advanced-accordion__expand-icon\">\n\t\t\t\t\t\t\t\t\t\t\t\t\t<span class=\"normal\"><i aria-hidden=\"true\" class=\"fas fa-chevron-right\"><\/i><\/span>\n\t\t\t\t\t\t\t\t\t\t\t\t\t<span class=\"active\"><i aria-hidden=\"true\" class=\"fas fa-chevron-down\"><\/i><\/span>\n\t\t\t\t\t\t\t\t\t\t\t<\/div>\n\t\t\t\t<\/div>\n\n\t\t\t\t<div class=\"stratum-advanced-accordion__item-content\">\n\t\t\t\t\t<div class=\"stratum-advanced-accordion__item-wrapper\">\n\t\t\t\t\t\t<div class=\"stratum-advanced-accordion__item-content-overlay\"><\/div>\n\t\t\t\t\t\t<div class=\"stratum-advanced-accordion__text\">\n\t\t\t\t\t\t\t<p><span style=\"color: #007fa4\">\u0627\u0644\u0645\u0633\u0624\u0648\u0644<\/span><\/p><ul><li>\u062f. \u062e\u0627\u0644\u062f \u0645\u0648\u0646\u0629<\/li><\/ul>\t\t\t\t\t\t<\/div>\n\t\t\t\t\t<\/div>\n\t\t\t\t<\/div>\n\t\t\t<\/div>\n\t\t\t\t\t<div class=\"stratum-advanced-accordion__item elementor-repeater-item-17256c8\">\n\t\t\t\t<div class=\"stratum-advanced-accordion__item-header\">\n\t\t\t\t\t<div class=\"stratum-advanced-accordion__title\">\n\t\t\t\t\t\tLangages, Discours et Soci\u00e9t\u00e9\t\t\t\t\t<\/div>\n\t\t\t\t\t<div class=\"stratum-advanced-accordion__expand-icon\">\n\t\t\t\t\t\t\t\t\t\t\t\t\t<span class=\"normal\"><i aria-hidden=\"true\" class=\"fas fa-chevron-right\"><\/i><\/span>\n\t\t\t\t\t\t\t\t\t\t\t\t\t<span class=\"active\"><i aria-hidden=\"true\" class=\"fas fa-chevron-down\"><\/i><\/span>\n\t\t\t\t\t\t\t\t\t\t\t<\/div>\n\t\t\t\t<\/div>\n\n\t\t\t\t<div class=\"stratum-advanced-accordion__item-content\">\n\t\t\t\t\t<div class=\"stratum-advanced-accordion__item-wrapper\">\n\t\t\t\t\t\t<div class=\"stratum-advanced-accordion__item-content-overlay\"><\/div>\n\t\t\t\t\t\t<div class=\"stratum-advanced-accordion__text\">\n\t\t\t\t\t\t\t<p><span style=\"color: #007fa4\">\u0627\u0644\u0645\u0633\u0624\u0648\u0644<\/span><\/p><ul><li>\u062f. \u0623\u0646\u0648\u0631 \u0628\u0646 \u0645\u0633\u064a\u0644\u0629<\/li><\/ul>\t\t\t\t\t\t<\/div>\n\t\t\t\t\t<\/div>\n\t\t\t\t<\/div>\n\t\t\t<\/div>\n\t\t\t\t\t<div class=\"stratum-advanced-accordion__item elementor-repeater-item-884a843\">\n\t\t\t\t<div class=\"stratum-advanced-accordion__item-header\">\n\t\t\t\t\t<div class=\"stratum-advanced-accordion__title\">\n\t\t\t\t\t\t\u0627\u0644\u0627\u062c\u062a\u0647\u0627\u062f \u0648\u0627\u0644\u0639\u0645\u0631\u0627\u0646: \u0642\u0636\u0627\u064a\u0627 \u0648\u0645\u0646\u0627\u0647\u062c\t\t\t\t\t<\/div>\n\t\t\t\t\t<div class=\"stratum-advanced-accordion__expand-icon\">\n\t\t\t\t\t\t\t\t\t\t\t\t\t<span class=\"normal\"><i aria-hidden=\"true\" class=\"fas fa-chevron-right\"><\/i><\/span>\n\t\t\t\t\t\t\t\t\t\t\t\t\t<span class=\"active\"><i aria-hidden=\"true\" class=\"fas fa-chevron-down\"><\/i><\/span>\n\t\t\t\t\t\t\t\t\t\t\t<\/div>\n\t\t\t\t<\/div>\n\n\t\t\t\t<div class=\"stratum-advanced-accordion__item-content\">\n\t\t\t\t\t<div class=\"stratum-advanced-accordion__item-wrapper\">\n\t\t\t\t\t\t<div class=\"stratum-advanced-accordion__item-content-overlay\"><\/div>\n\t\t\t\t\t\t<div class=\"stratum-advanced-accordion__text\">\n\t\t\t\t\t\t\t<p><span style=\"color: #007fa4\">\u0627\u0644\u0645\u0633\u0624\u0648\u0644<\/span><\/p><ul><li>\u062f. \u0645\u062d\u0645\u062f \u0627\u0644\u0627\u0646\u0635\u0627\u0631\u064a<\/li><\/ul>\t\t\t\t\t\t<\/div>\n\t\t\t\t\t<\/div>\n\t\t\t\t<\/div>\n\t\t\t<\/div>\n\t\t\t\t\t<div class=\"stratum-advanced-accordion__item elementor-repeater-item-b1b0de2\">\n\t\t\t\t<div class=\"stratum-advanced-accordion__item-header\">\n\t\t\t\t\t<div class=\"stratum-advanced-accordion__title\">\n\t\t\t\t\t\t\u062a\u0641\u0633\u064a\u0631 \u0627\u0644\u062e\u0637\u0627\u0628 \u0627\u0644\u0634\u0631\u0639\u064a: \u0642\u0636\u0627\u064a\u0627 \u0648\u0645\u0646\u0627\u0647\u062c\t\t\t\t\t<\/div>\n\t\t\t\t\t<div class=\"stratum-advanced-accordion__expand-icon\">\n\t\t\t\t\t\t\t\t\t\t\t\t\t<span class=\"normal\"><i aria-hidden=\"true\" class=\"fas fa-chevron-right\"><\/i><\/span>\n\t\t\t\t\t\t\t\t\t\t\t\t\t<span class=\"active\"><i aria-hidden=\"true\" class=\"fas fa-chevron-down\"><\/i><\/span>\n\t\t\t\t\t\t\t\t\t\t\t<\/div>\n\t\t\t\t<\/div>\n\n\t\t\t\t<div class=\"stratum-advanced-accordion__item-content\">\n\t\t\t\t\t<div class=\"stratum-advanced-accordion__item-wrapper\">\n\t\t\t\t\t\t<div class=\"stratum-advanced-accordion__item-content-overlay\"><\/div>\n\t\t\t\t\t\t<div class=\"stratum-advanced-accordion__text\">\n\t\t\t\t\t\t\t<p><span style=\"color: #007fa4\">\u0627\u0644\u0645\u0633\u0624\u0648\u0644<\/span><\/p><ul><li>\u062f. \u0639\u0628\u062f \u0627\u0644\u0631\u062d\u0645\u0646 \u062d\u0633\u064a<\/li><\/ul>\t\t\t\t\t\t<\/div>\n\t\t\t\t\t<\/div>\n\t\t\t\t<\/div>\n\t\t\t<\/div>\n\t\t\t\t\t<div class=\"stratum-advanced-accordion__item elementor-repeater-item-a47375f\">\n\t\t\t\t<div class=\"stratum-advanced-accordion__item-header\">\n\t\t\t\t\t<div class=\"stratum-advanced-accordion__title\">\n\t\t\t\t\t\t\u0627\u0644\u0623\u062f\u0628 \u0648\u0627\u0644\u0645\u0646\u0627\u0647\u062c \u0627\u0644\u0646\u0642\u062f\u064a\u0629 \u0627\u0644\u062d\u062f\u064a\u062b\u0629\t\t\t\t\t<\/div>\n\t\t\t\t\t<div class=\"stratum-advanced-accordion__expand-icon\">\n\t\t\t\t\t\t\t\t\t\t\t\t\t<span class=\"normal\"><i aria-hidden=\"true\" class=\"fas fa-chevron-right\"><\/i><\/span>\n\t\t\t\t\t\t\t\t\t\t\t\t\t<span class=\"active\"><i aria-hidden=\"true\" class=\"fas fa-chevron-down\"><\/i><\/span>\n\t\t\t\t\t\t\t\t\t\t\t<\/div>\n\t\t\t\t<\/div>\n\n\t\t\t\t<div class=\"stratum-advanced-accordion__item-content\">\n\t\t\t\t\t<div class=\"stratum-advanced-accordion__item-wrapper\">\n\t\t\t\t\t\t<div class=\"stratum-advanced-accordion__item-content-overlay\"><\/div>\n\t\t\t\t\t\t<div class=\"stratum-advanced-accordion__text\">\n\t\t\t\t\t\t\t<p><span style=\"color: #007fa4\">\u0627\u0644\u0645\u0633\u0624\u0648\u0644<\/span><\/p><ul><li>\u062f. \u0625\u062f\u0631\u064a\u0633 \u0645\u0648\u062d\u062a\u0627\u062a<\/li><\/ul>\t\t\t\t\t\t<\/div>\n\t\t\t\t\t<\/div>\n\t\t\t\t<\/div>\n\t\t\t<\/div>\n\t\t\t\t\t<div class=\"stratum-advanced-accordion__item elementor-repeater-item-63a9f6e\">\n\t\t\t\t<div class=\"stratum-advanced-accordion__item-header\">\n\t\t\t\t\t<div class=\"stratum-advanced-accordion__title\">\n\t\t\t\t\t\t\u062a\u0627\u0631\u064a\u062e\u064a\u0629 \u0627\u0644\u0645\u0641\u0627\u0647\u064a\u0645 \u0648\u0645\u0628\u0627\u062d\u062b \u0627\u0644\u0641\u0627\u0639\u0644\u064a\u0629 \u0627\u0644\u0625\u0646\u0633\u0627\u0646\u064a\u0629 \u0641\u064a \u0627\u0644\u0641\u0644\u0633\u0641\u0629\t\t\t\t\t<\/div>\n\t\t\t\t\t<div class=\"stratum-advanced-accordion__expand-icon\">\n\t\t\t\t\t\t\t\t\t\t\t\t\t<span class=\"normal\"><i aria-hidden=\"true\" class=\"fas fa-chevron-right\"><\/i><\/span>\n\t\t\t\t\t\t\t\t\t\t\t\t\t<span class=\"active\"><i aria-hidden=\"true\" class=\"fas fa-chevron-down\"><\/i><\/span>\n\t\t\t\t\t\t\t\t\t\t\t<\/div>\n\t\t\t\t<\/div>\n\n\t\t\t\t<div class=\"stratum-advanced-accordion__item-content\">\n\t\t\t\t\t<div class=\"stratum-advanced-accordion__item-wrapper\">\n\t\t\t\t\t\t<div class=\"stratum-advanced-accordion__item-content-overlay\"><\/div>\n\t\t\t\t\t\t<div class=\"stratum-advanced-accordion__text\">\n\t\t\t\t\t\t\t<p><span style=\"color: #007fa4\">\u0627\u0644\u0645\u0633\u0624\u0648\u0644<\/span><\/p><ul><li>\u062f. \u0645\u0631\u0648\u0627\u0646 \u0644\u062d\u0645\u064a\u062f\u0627\u0646\u064a<\/li><\/ul>\t\t\t\t\t\t<\/div>\n\t\t\t\t\t<\/div>\n\t\t\t\t<\/div>\n\t\t\t<\/div>\n\t\t\t\t\t<div class=\"stratum-advanced-accordion__item elementor-repeater-item-dd08ae3\">\n\t\t\t\t<div class=\"stratum-advanced-accordion__item-header\">\n\t\t\t\t\t<div class=\"stratum-advanced-accordion__title\">\n\t\t\t\t\t\t\u0625\u0639\u062f\u0627\u062f \u0648\u062a\u0646\u0645\u064a\u0629 \u0648\u062f\u064a\u0646\u0627\u0645\u064a\u0627\u062a \u0627\u0644\u0645\u062c\u0627\u0644\u0627\u062a \u0627\u0644\u062a\u0631\u0627\u0628\u064a\u0629\t\t\t\t\t<\/div>\n\t\t\t\t\t<div class=\"stratum-advanced-accordion__expand-icon\">\n\t\t\t\t\t\t\t\t\t\t\t\t\t<span class=\"normal\"><i aria-hidden=\"true\" class=\"fas fa-chevron-right\"><\/i><\/span>\n\t\t\t\t\t\t\t\t\t\t\t\t\t<span class=\"active\"><i aria-hidden=\"true\" class=\"fas fa-chevron-down\"><\/i><\/span>\n\t\t\t\t\t\t\t\t\t\t\t<\/div>\n\t\t\t\t<\/div>\n\n\t\t\t\t<div class=\"stratum-advanced-accordion__item-content\">\n\t\t\t\t\t<div class=\"stratum-advanced-accordion__item-wrapper\">\n\t\t\t\t\t\t<div class=\"stratum-advanced-accordion__item-content-overlay\"><\/div>\n\t\t\t\t\t\t<div class=\"stratum-advanced-accordion__text\">\n\t\t\t\t\t\t\t<p><span style=\"color: #007fa4\">\u0627\u0644\u0645\u0633\u0624\u0648\u0644<\/span><\/p><ul><li>\u062f. \u0625\u0628\u0631\u0627\u0647\u064a\u0645 \u0627\u0644\u0641\u0633\u0643\u0627\u0648\u064a<\/li><\/ul>\t\t\t\t\t\t<\/div>\n\t\t\t\t\t<\/div>\n\t\t\t\t<\/div>\n\t\t\t<\/div>\n\t\t\t\t\t<div class=\"stratum-advanced-accordion__item elementor-repeater-item-c760a4f\">\n\t\t\t\t<div class=\"stratum-advanced-accordion__item-header\">\n\t\t\t\t\t<div class=\"stratum-advanced-accordion__title\">\n\t\t\t\t\t\t\u0627\u0644\u0644\u0633\u0627\u0646\u064a\u0627\u062a\u060c \u0648\u0627\u0644\u0623\u062f\u0628 \u0648\u062a\u062d\u0644\u064a\u0644 \u0627\u0644\u062e\u0637\u0627\u0628\t\t\t\t\t<\/div>\n\t\t\t\t\t<div class=\"stratum-advanced-accordion__expand-icon\">\n\t\t\t\t\t\t\t\t\t\t\t\t\t<span class=\"normal\"><i aria-hidden=\"true\" class=\"fas fa-chevron-right\"><\/i><\/span>\n\t\t\t\t\t\t\t\t\t\t\t\t\t<span class=\"active\"><i aria-hidden=\"true\" class=\"fas fa-chevron-down\"><\/i><\/span>\n\t\t\t\t\t\t\t\t\t\t\t<\/div>\n\t\t\t\t<\/div>\n\n\t\t\t\t<div class=\"stratum-advanced-accordion__item-content\">\n\t\t\t\t\t<div class=\"stratum-advanced-accordion__item-wrapper\">\n\t\t\t\t\t\t<div class=\"stratum-advanced-accordion__item-content-overlay\"><\/div>\n\t\t\t\t\t\t<div class=\"stratum-advanced-accordion__text\">\n\t\t\t\t\t\t\t<p><span style=\"color: #007fa4\">\u0627\u0644\u0645\u0633\u0624\u0648\u0644<\/span><\/p><ul><li>\u062f. \u062d\u0633\u0646 \u0645\u062e\u0627\u0641\u064a<\/li><\/ul>\t\t\t\t\t\t<\/div>\n\t\t\t\t\t<\/div>\n\t\t\t\t<\/div>\n\t\t\t<\/div>\n\t\t\t\t\t<div class=\"stratum-advanced-accordion__item elementor-repeater-item-007cce3\">\n\t\t\t\t<div class=\"stratum-advanced-accordion__item-header\">\n\t\t\t\t\t<div class=\"stratum-advanced-accordion__title\">\n\t\t\t\t\t\t\u0627\u0644\u0633\u064a\u0645\u064a\u0648\u0644\u0633\u0627\u0646\u064a\u0627\u062a \u0648\u062c\u062f\u0644\u064a\u0629 \u0627\u0644\u0625\u0628\u062f\u0627\u0639 \u0648\u0627\u0644\u0646\u0642\u062f \t\t\t\t\t<\/div>\n\t\t\t\t\t<div class=\"stratum-advanced-accordion__expand-icon\">\n\t\t\t\t\t\t\t\t\t\t\t\t\t<span class=\"normal\"><i aria-hidden=\"true\" class=\"fas fa-chevron-right\"><\/i><\/span>\n\t\t\t\t\t\t\t\t\t\t\t\t\t<span class=\"active\"><i aria-hidden=\"true\" class=\"fas fa-chevron-down\"><\/i><\/span>\n\t\t\t\t\t\t\t\t\t\t\t<\/div>\n\t\t\t\t<\/div>\n\n\t\t\t\t<div class=\"stratum-advanced-accordion__item-content\">\n\t\t\t\t\t<div class=\"stratum-advanced-accordion__item-wrapper\">\n\t\t\t\t\t\t<div class=\"stratum-advanced-accordion__item-content-overlay\"><\/div>\n\t\t\t\t\t\t<div class=\"stratum-advanced-accordion__text\">\n\t\t\t\t\t\t\t<p><span style=\"color: #007fa4\">\u0627\u0644\u0645\u0633\u0624\u0648\u0644<\/span><\/p><ul><li>\u062f. \u0639\u0628\u062f \u0627\u0644\u0633\u0644\u0627\u0645 \u0625\u0633\u0645\u0627\u0639\u064a\u0644\u064a \u0639\u0644\u0648\u064a<\/li><\/ul>\t\t\t\t\t\t<\/div>\n\t\t\t\t\t<\/div>\n\t\t\t\t<\/div>\n\t\t\t<\/div>\n\t\t\t\t\t<div class=\"stratum-advanced-accordion__item elementor-repeater-item-ebdde85\">\n\t\t\t\t<div class=\"stratum-advanced-accordion__item-header\">\n\t\t\t\t\t<div class=\"stratum-advanced-accordion__title\">\n\t\t\t\t\t\t\u0627\u0644\u062f\u064a\u0646\u0627\u0645\u064a\u0627\u062a \u0627\u0644\u0627\u062c\u062a\u0645\u0627\u0639\u064a\u0629 \u0648\u062d\u0643\u0627\u0645\u0629 \u0627\u0644\u062a\u0646\u0645\u064a\u0629\t\t\t\t\t<\/div>\n\t\t\t\t\t<div class=\"stratum-advanced-accordion__expand-icon\">\n\t\t\t\t\t\t\t\t\t\t\t\t\t<span class=\"normal\"><i aria-hidden=\"true\" class=\"fas fa-chevron-right\"><\/i><\/span>\n\t\t\t\t\t\t\t\t\t\t\t\t\t<span class=\"active\"><i aria-hidden=\"true\" class=\"fas fa-chevron-down\"><\/i><\/span>\n\t\t\t\t\t\t\t\t\t\t\t<\/div>\n\t\t\t\t<\/div>\n\n\t\t\t\t<div class=\"stratum-advanced-accordion__item-content\">\n\t\t\t\t\t<div class=\"stratum-advanced-accordion__item-wrapper\">\n\t\t\t\t\t\t<div class=\"stratum-advanced-accordion__item-content-overlay\"><\/div>\n\t\t\t\t\t\t<div class=\"stratum-advanced-accordion__text\">\n\t\t\t\t\t\t\t<p><span style=\"color: #007fa4\">\u0627\u0644\u0645\u0633\u0624\u0648\u0644<\/span><\/p><ul><li>\u062f. \u0628\u0646 \u0645\u062d\u0645\u062f \u0642\u0633\u0637\u0627\u0646\u064a<\/li><\/ul>\t\t\t\t\t\t<\/div>\n\t\t\t\t\t<\/div>\n\t\t\t\t<\/div>\n\t\t\t<\/div>\n\t\t\t<\/div>\n<\/div>\n\t\t\t\t<\/div>\n\t\t\t\t<\/div>\n\t\t\t\t\t<\/div>\n\t\t<\/div>\n\t\t\t\t\t<\/div>\n\t\t<\/section>\n\t\t\t\t<\/div>\n\t\t","protected":false},"excerpt":{"rendered":"","protected":false},"author":2,"featured_media":0,"parent":0,"menu_order":4,"comment_status":"closed","ping_status":"closed","template":"","meta":{"_acf_changed":false,"ocean_post_layout":"full-screen","ocean_both_sidebars_style":"","ocean_both_sidebars_content_width":0,"ocean_both_sidebars_sidebars_width":0,"ocean_sidebar":"0","ocean_second_sidebar":"0","ocean_disable_margins":"on","ocean_add_body_class":"","ocean_shortcode_before_top_bar":"","ocean_shortcode_after_top_bar":"","ocean_shortcode_before_header":"","ocean_shortcode_after_header":"","ocean_has_shortcode":"","ocean_shortcode_after_title":"","ocean_shortcode_before_footer_widgets":"","ocean_shortcode_after_footer_widgets":"","ocean_shortcode_before_footer_bottom":"","ocean_shortcode_after_footer_bottom":"","ocean_display_top_bar":"off","ocean_display_header":"default","ocean_header_style":"","ocean_center_header_left_menu":"0","ocean_custom_header_template":"0","ocean_custom_logo":0,"ocean_custom_retina_logo":0,"ocean_custom_logo_max_width":0,"ocean_custom_logo_tablet_max_width":0,"ocean_custom_logo_mobile_max_width":0,"ocean_custom_logo_max_height":0,"ocean_custom_logo_tablet_max_height":0,"ocean_custom_logo_mobile_max_height":0,"ocean_header_custom_menu":"0","ocean_menu_typo_font_family":"0","ocean_menu_typo_font_subset":"","ocean_menu_typo_font_size":0,"ocean_menu_typo_font_size_tablet":0,"ocean_menu_typo_font_size_mobile":0,"ocean_menu_typo_font_size_unit":"px","ocean_menu_typo_font_weight":"","ocean_menu_typo_font_weight_tablet":"","ocean_menu_typo_font_weight_mobile":"","ocean_menu_typo_transform":"","ocean_menu_typo_transform_tablet":"","ocean_menu_typo_transform_mobile":"","ocean_menu_typo_line_height":0,"ocean_menu_typo_line_height_tablet":0,"ocean_menu_typo_line_height_mobile":0,"ocean_menu_typo_line_height_unit":"","ocean_menu_typo_spacing":0,"ocean_menu_typo_spacing_tablet":0,"ocean_menu_typo_spacing_mobile":0,"ocean_menu_typo_spacing_unit":"","ocean_menu_link_color":"","ocean_menu_link_color_hover":"","ocean_menu_link_color_active":"","ocean_menu_link_background":"","ocean_menu_link_hover_background":"","ocean_menu_link_active_background":"","ocean_menu_social_links_bg":"","ocean_menu_social_hover_links_bg":"","ocean_menu_social_links_color":"","ocean_menu_social_hover_links_color":"","ocean_disable_title":"default","ocean_disable_heading":"on","ocean_post_title":"","ocean_post_subheading":"","ocean_post_title_style":"","ocean_post_title_background_color":"","ocean_post_title_background":0,"ocean_post_title_bg_image_position":"","ocean_post_title_bg_image_attachment":"","ocean_post_title_bg_image_repeat":"","ocean_post_title_bg_image_size":"","ocean_post_title_height":0,"ocean_post_title_bg_overlay":0.5,"ocean_post_title_bg_overlay_color":"","ocean_disable_breadcrumbs":"default","ocean_breadcrumbs_color":"","ocean_breadcrumbs_separator_color":"","ocean_breadcrumbs_links_color":"","ocean_breadcrumbs_links_hover_color":"","ocean_display_footer_widgets":"default","ocean_display_footer_bottom":"default","ocean_custom_footer_template":"0","_themeisle_gutenberg_block_has_review":false,"footnotes":""},"class_list":["post-3254","page","type-page","status-publish","hentry","entry"],"acf":[],"_links":{"self":[{"href":"https:\/\/www.flsh.umi.ac.ma\/index.php?rest_route=\/wp\/v2\/pages\/3254","targetHints":{"allow":["GET"]}}],"collection":[{"href":"https:\/\/www.flsh.umi.ac.ma\/index.php?rest_route=\/wp\/v2\/pages"}],"about":[{"href":"https:\/\/www.flsh.umi.ac.ma\/index.php?rest_route=\/wp\/v2\/types\/page"}],"author":[{"embeddable":true,"href":"https:\/\/www.flsh.umi.ac.ma\/index.php?rest_route=\/wp\/v2\/users\/2"}],"replies":[{"embeddable":true,"href":"https:\/\/www.flsh.umi.ac.ma\/index.php?rest_route=%2Fwp%2Fv2%2Fcomments&post=3254"}],"version-history":[{"count":20,"href":"https:\/\/www.flsh.umi.ac.ma\/index.php?rest_route=\/wp\/v2\/pages\/3254\/revisions"}],"predecessor-version":[{"id":5045,"href":"https:\/\/www.flsh.umi.ac.ma\/index.php?rest_route=\/wp\/v2\/pages\/3254\/revisions\/5045"}],"wp:attachment":[{"href":"https:\/\/www.flsh.umi.ac.ma\/index.php?rest_route=%2Fwp%2Fv2%2Fmedia&parent=3254"}],"curies":[{"name":"wp","href":"https:\/\/api.w.org\/{rel}","templated":true}]}}